{"id":7777,"date":"2018-04-25T21:01:10","date_gmt":"2018-04-25T21:01:10","guid":{"rendered":"http:\/\/solwangdesign.dk\/produkter\/unkategorisiert\/natur-rot-handgehaekelter-kartoffelwaermer\/"},"modified":"2026-02-17T16:07:15","modified_gmt":"2026-02-17T15:07:15","slug":"natur-rot-handgehaekelter-kartoffelwaermer","status":"publish","type":"product","link":"https:\/\/solwangdesign.dk\/de\/vare\/natur-rot-handgehaekelter-kartoffelwaermer\/","title":{"rendered":"Geh\u00e4kelter Kartoffelw\u00e4rmer in rot\/natur"},"content":{"rendered":"<p>Wie aus Gro\u00dfmutters Zeiten\u2026 sch\u00f6ner geh\u00e4kelter Kartoffelw\u00e4rmer in Natur mit roter Kante, in 100% OEKO Tex Baumwolle<\/p>\n<p>Jeder Kartoffelw\u00e4rmer ist handgeh\u00e4kelt<\/p>\n<p>Kann zum Warmhalten von Kartoffeln oder auch als Serviette im Brotkorb verwendet werden.<\/p>\n<p>Auch h\u00fcbsch auf der festlichen Geburtstags- oder Weihnachtstafel.<\/p>\n<p>&nbsp;<\/p>\n<p><strong>So verwenden Sie den Kartoffelw\u00e4rmer:\u00a0<\/strong><\/p>\n<p>Sch\u00fctten Sie das Kochwasser der Kartoffeln ab und geben Sie die Kartoffeln in die gew\u00fcnschte Sch\u00fcssel. Legen Sie dann den Kartoffelw\u00e4rmer \u00fcber die gekochten und hei\u00dfen Kartoffeln und decken Sie diese evt. zus\u00e4tzlich mit einem Deckel zu. Der Kartoffelw\u00e4rmer h\u00e4lt die Kartoffeln warm und absorbiert gleichzeitig den Dampf.<\/p>\n","protected":false},"excerpt":{"rendered":"<p>handgeh\u00e4kelter Kartoffelw\u00e4rmer<\/p>\n<p>Gr\u00f6sse: Durchmesser ca. 33 cm<\/p>\n<p>Material: 100% Oeko-Tex Baumwolle<\/p>\n<p>Waschbar bei 60 Grad.<br \/>\nEmpfehlung vom Gesundheitsamt<\/p>\n","protected":false},"featured_media":5173,"template":"","meta":{"_acf_changed":false,"footnotes":""},"product_brand":[],"product_cat":[101,174,186],"product_tag":[],"class_list":{"0":"post-7777","1":"product","2":"type-product","3":"status-publish","4":"has-post-thumbnail","6":"product_cat-kartoffelwaermer","7":"product_cat-outlet-de","8":"product_cat-weihnachten","9":"pa_color-natur-de","10":"pa_color-rot","12":"first","13":"instock","14":"sale","15":"taxable","16":"shipping-taxable","17":"purchasable","18":"product-type-simple"},"acf":[],"yoast_head":"<!-- This site is optimized with the Yoast SEO plugin v27.2 - https:\/\/yoast.com\/product\/yoast-seo-wordpress\/ -->\n<title>Geh\u00e4kelter Kartoffelw\u00e4rmer in rot\/natur - Solwang Design<\/title>\n<meta name=\"robots\" content=\"index, follow, max-snippet:-1, max-image-preview:large, max-video-preview:-1\" \/>\n<link rel=\"canonical\" href=\"https:\/\/solwangdesign.dk\/de\/vare\/natur-rot-handgehaekelter-kartoffelwaermer\/\" \/>\n<meta name=\"twitter:label1\" content=\"Gesch\u00e4tzte Lesezeit\" \/>\n\t<meta name=\"twitter:data1\" content=\"1\u00a0Minute\" \/>\n<!-- \/ Yoast SEO plugin. -->","yoast_head_json":{"title":"Geh\u00e4kelter Kartoffelw\u00e4rmer in rot\/natur - Solwang Design","robots":{"index":"index","follow":"follow","max-snippet":"max-snippet:-1","max-image-preview":"max-image-preview:large","max-video-preview":"max-video-preview:-1"},"canonical":"https:\/\/solwangdesign.dk\/de\/vare\/natur-rot-handgehaekelter-kartoffelwaermer\/","twitter_misc":{"Gesch\u00e4tzte Lesezeit":"1\u00a0Minute"},"schema":{"@context":"https:\/\/schema.org","@graph":[{"@type":"WebPage","@id":"https:\/\/solwangdesign.dk\/de\/vare\/natur-rot-handgehaekelter-kartoffelwaermer\/","url":"https:\/\/solwangdesign.dk\/de\/vare\/natur-rot-handgehaekelter-kartoffelwaermer\/","name":"Geh\u00e4kelter Kartoffelw\u00e4rmer in rot\/natur - Solwang Design","isPartOf":{"@id":"https:\/\/solwangdesign.dk\/de\/#website"},"primaryImageOfPage":{"@id":"https:\/\/solwangdesign.dk\/de\/vare\/natur-rot-handgehaekelter-kartoffelwaermer\/#primaryimage"},"image":{"@id":"https:\/\/solwangdesign.dk\/de\/vare\/natur-rot-handgehaekelter-kartoffelwaermer\/#primaryimage"},"thumbnailUrl":"https:\/\/solwangdesign.dk\/wp-content\/uploads\/2018\/05\/KV08-brightend-e1543260246244.jpg","datePublished":"2018-04-25T21:01:10+00:00","dateModified":"2026-02-17T15:07:15+00:00","breadcrumb":{"@id":"https:\/\/solwangdesign.dk\/de\/vare\/natur-rot-handgehaekelter-kartoffelwaermer\/#breadcrumb"},"inLanguage":"de","potentialAction":[{"@type":"ReadAction","target":["https:\/\/solwangdesign.dk\/de\/vare\/natur-rot-handgehaekelter-kartoffelwaermer\/"]}]},{"@type":"ImageObject","inLanguage":"de","@id":"https:\/\/solwangdesign.dk\/de\/vare\/natur-rot-handgehaekelter-kartoffelwaermer\/#primaryimage","url":"https:\/\/solwangdesign.dk\/wp-content\/uploads\/2018\/05\/KV08-brightend-e1543260246244.jpg","contentUrl":"https:\/\/solwangdesign.dk\/wp-content\/uploads\/2018\/05\/KV08-brightend-e1543260246244.jpg","width":4570,"height":2328},{"@type":"BreadcrumbList","@id":"https:\/\/solwangdesign.dk\/de\/vare\/natur-rot-handgehaekelter-kartoffelwaermer\/#breadcrumb","itemListElement":[{"@type":"ListItem","position":1,"name":"Zur\u00fcck","item":"https:\/\/solwangdesign.dk\/de\/"},{"@type":"ListItem","position":2,"name":"Products","item":"https:\/\/solwangdesign.dk\/de\/products\/"},{"@type":"ListItem","position":3,"name":"Geh\u00e4kelter Kartoffelw\u00e4rmer in rot\/natur"}]},{"@type":"WebSite","@id":"https:\/\/solwangdesign.dk\/de\/#website","url":"https:\/\/solwangdesign.dk\/de\/","name":"Solwang Design","description":"Solwang Design","publisher":{"@id":"https:\/\/solwangdesign.dk\/de\/#organization"},"potentialAction":[{"@type":"SearchAction","target":{"@type":"EntryPoint","urlTemplate":"https:\/\/solwangdesign.dk\/de\/?s={search_term_string}"},"query-input":{"@type":"PropertyValueSpecification","valueRequired":true,"valueName":"search_term_string"}}],"inLanguage":"de"},{"@type":"Organization","@id":"https:\/\/solwangdesign.dk\/de\/#organization","name":"Solwang Design","url":"https:\/\/solwangdesign.dk\/de\/","logo":{"@type":"ImageObject","inLanguage":"de","@id":"https:\/\/solwangdesign.dk\/de\/#\/schema\/logo\/image\/","url":"https:\/\/solwangdesign.dk\/wp-content\/uploads\/2017\/11\/logo.png","contentUrl":"https:\/\/solwangdesign.dk\/wp-content\/uploads\/2017\/11\/logo.png","width":226,"height":111,"caption":"Solwang Design"},"image":{"@id":"https:\/\/solwangdesign.dk\/de\/#\/schema\/logo\/image\/"},"sameAs":["https:\/\/www.facebook.com\/solwangdesign","https:\/\/www.instagram.com\/solwangdesign\/"]}]}},"_links":{"self":[{"href":"https:\/\/solwangdesign.dk\/de\/wp-json\/wp\/v2\/product\/7777","targetHints":{"allow":["GET"]}}],"collection":[{"href":"https:\/\/solwangdesign.dk\/de\/wp-json\/wp\/v2\/product"}],"about":[{"href":"https:\/\/solwangdesign.dk\/de\/wp-json\/wp\/v2\/types\/product"}],"version-history":[{"count":0,"href":"https:\/\/solwangdesign.dk\/de\/wp-json\/wp\/v2\/product\/7777\/revisions"}],"wp:featuredmedia":[{"embeddable":true,"href":"https:\/\/solwangdesign.dk\/de\/wp-json\/wp\/v2\/media\/5173"}],"wp:attachment":[{"href":"https:\/\/solwangdesign.dk\/de\/wp-json\/wp\/v2\/media?parent=7777"}],"wp:term":[{"taxonomy":"product_brand","embeddable":true,"href":"https:\/\/solwangdesign.dk\/de\/wp-json\/wp\/v2\/product_brand?post=7777"},{"taxonomy":"product_cat","embeddable":true,"href":"https:\/\/solwangdesign.dk\/de\/wp-json\/wp\/v2\/product_cat?post=7777"},{"taxonomy":"product_tag","embeddable":true,"href":"https:\/\/solwangdesign.dk\/de\/wp-json\/wp\/v2\/product_tag?post=7777"}],"curies":[{"name":"wp","href":"https:\/\/api.w.org\/{rel}","templated":true}]}}