{"id":7210,"date":"2018-04-26T19:19:30","date_gmt":"2018-04-26T19:19:30","guid":{"rendered":"http:\/\/solwangdesign.dk\/produkter\/unkategorisiert\/tuerkis-gruen-kombi\/"},"modified":"2026-05-06T15:22:49","modified_gmt":"2026-05-06T13:22:49","slug":"tuerkis-gruen-kombi-gestrickte-wischtuecher","status":"publish","type":"product","link":"https:\/\/solwangdesign.dk\/de\/vare\/tuerkis-gruen-kombi-gestrickte-wischtuecher\/","title":{"rendered":"T\u00fcrkisgr\u00fcn Kombi BIO"},"content":{"rendered":"<p>3 St\u00fcck gestrickte BIO Wischt\u00fccher in T\u00fcrkisgr\u00fcn Kombi.<\/p>\n<p>Wundersch\u00f6n gebunden mit Schnur und Etikett.<\/p>\n","protected":false},"excerpt":{"rendered":"<p>Wischt\u00fccher in Krausrippe gestrickt<br \/>\num die Saugf\u00e4higkeit und Funktionalit\u00e4t zu optimieren.<\/p>\n<p>Gr\u00f6\u00dfe: 25 x 25 cm.<br \/>\n100% BIO Baumwolle.<\/p>\n<p>Waschbar bei 60 Grad.<br \/>\nVom Gesundheitsamt empfohlen.<\/p>\n","protected":false},"featured_media":71403,"template":"","meta":{"_acf_changed":false,"footnotes":""},"product_brand":[],"product_cat":[99],"product_tag":[],"class_list":{"0":"post-7210","1":"product","2":"type-product","3":"status-publish","4":"has-post-thumbnail","6":"product_cat-wischtuecher","7":"pa_color-gruen","9":"first","10":"instock","11":"taxable","12":"shipping-taxable","13":"purchasable","14":"product-type-simple"},"acf":[],"yoast_head":"<!-- This site is optimized with the Yoast SEO plugin v27.2 - https:\/\/yoast.com\/product\/yoast-seo-wordpress\/ -->\n<title>T\u00fcrkisgr\u00fcn Kombi BIO - Solwang Design<\/title>\n<meta name=\"robots\" content=\"index, follow, max-snippet:-1, max-image-preview:large, max-video-preview:-1\" \/>\n<link rel=\"canonical\" href=\"https:\/\/solwangdesign.dk\/de\/vare\/tuerkis-gruen-kombi-gestrickte-wischtuecher\/\" \/>\n<!-- \/ Yoast SEO plugin. -->","yoast_head_json":{"title":"T\u00fcrkisgr\u00fcn Kombi BIO - Solwang Design","robots":{"index":"index","follow":"follow","max-snippet":"max-snippet:-1","max-image-preview":"max-image-preview:large","max-video-preview":"max-video-preview:-1"},"canonical":"https:\/\/solwangdesign.dk\/de\/vare\/tuerkis-gruen-kombi-gestrickte-wischtuecher\/","schema":{"@context":"https:\/\/schema.org","@graph":[{"@type":"WebPage","@id":"https:\/\/solwangdesign.dk\/de\/vare\/tuerkis-gruen-kombi-gestrickte-wischtuecher\/","url":"https:\/\/solwangdesign.dk\/de\/vare\/tuerkis-gruen-kombi-gestrickte-wischtuecher\/","name":"T\u00fcrkisgr\u00fcn Kombi BIO - Solwang Design","isPartOf":{"@id":"https:\/\/solwangdesign.dk\/de\/#website"},"primaryImageOfPage":{"@id":"https:\/\/solwangdesign.dk\/de\/vare\/tuerkis-gruen-kombi-gestrickte-wischtuecher\/#primaryimage"},"image":{"@id":"https:\/\/solwangdesign.dk\/de\/vare\/tuerkis-gruen-kombi-gestrickte-wischtuecher\/#primaryimage"},"thumbnailUrl":"https:\/\/solwangdesign.dk\/wp-content\/uploads\/2024\/06\/363738.jpg","datePublished":"2018-04-26T19:19:30+00:00","dateModified":"2026-05-06T13:22:49+00:00","breadcrumb":{"@id":"https:\/\/solwangdesign.dk\/de\/vare\/tuerkis-gruen-kombi-gestrickte-wischtuecher\/#breadcrumb"},"inLanguage":"de","potentialAction":[{"@type":"ReadAction","target":["https:\/\/solwangdesign.dk\/de\/vare\/tuerkis-gruen-kombi-gestrickte-wischtuecher\/"]}]},{"@type":"ImageObject","inLanguage":"de","@id":"https:\/\/solwangdesign.dk\/de\/vare\/tuerkis-gruen-kombi-gestrickte-wischtuecher\/#primaryimage","url":"https:\/\/solwangdesign.dk\/wp-content\/uploads\/2024\/06\/363738.jpg","contentUrl":"https:\/\/solwangdesign.dk\/wp-content\/uploads\/2024\/06\/363738.jpg","width":1000,"height":1000},{"@type":"BreadcrumbList","@id":"https:\/\/solwangdesign.dk\/de\/vare\/tuerkis-gruen-kombi-gestrickte-wischtuecher\/#breadcrumb","itemListElement":[{"@type":"ListItem","position":1,"name":"Zur\u00fcck","item":"https:\/\/solwangdesign.dk\/de\/"},{"@type":"ListItem","position":2,"name":"Products","item":"https:\/\/solwangdesign.dk\/de\/products\/"},{"@type":"ListItem","position":3,"name":"T\u00fcrkisgr\u00fcn Kombi BIO"}]},{"@type":"WebSite","@id":"https:\/\/solwangdesign.dk\/de\/#website","url":"https:\/\/solwangdesign.dk\/de\/","name":"Solwang Design","description":"Solwang Design","publisher":{"@id":"https:\/\/solwangdesign.dk\/de\/#organization"},"potentialAction":[{"@type":"SearchAction","target":{"@type":"EntryPoint","urlTemplate":"https:\/\/solwangdesign.dk\/de\/?s={search_term_string}"},"query-input":{"@type":"PropertyValueSpecification","valueRequired":true,"valueName":"search_term_string"}}],"inLanguage":"de"},{"@type":"Organization","@id":"https:\/\/solwangdesign.dk\/de\/#organization","name":"Solwang Design","url":"https:\/\/solwangdesign.dk\/de\/","logo":{"@type":"ImageObject","inLanguage":"de","@id":"https:\/\/solwangdesign.dk\/de\/#\/schema\/logo\/image\/","url":"https:\/\/solwangdesign.dk\/wp-content\/uploads\/2017\/11\/logo.png","contentUrl":"https:\/\/solwangdesign.dk\/wp-content\/uploads\/2017\/11\/logo.png","width":226,"height":111,"caption":"Solwang Design"},"image":{"@id":"https:\/\/solwangdesign.dk\/de\/#\/schema\/logo\/image\/"},"sameAs":["https:\/\/www.facebook.com\/solwangdesign","https:\/\/www.instagram.com\/solwangdesign\/"]}]}},"_links":{"self":[{"href":"https:\/\/solwangdesign.dk\/de\/wp-json\/wp\/v2\/product\/7210","targetHints":{"allow":["GET"]}}],"collection":[{"href":"https:\/\/solwangdesign.dk\/de\/wp-json\/wp\/v2\/product"}],"about":[{"href":"https:\/\/solwangdesign.dk\/de\/wp-json\/wp\/v2\/types\/product"}],"version-history":[{"count":0,"href":"https:\/\/solwangdesign.dk\/de\/wp-json\/wp\/v2\/product\/7210\/revisions"}],"wp:featuredmedia":[{"embeddable":true,"href":"https:\/\/solwangdesign.dk\/de\/wp-json\/wp\/v2\/media\/71403"}],"wp:attachment":[{"href":"https:\/\/solwangdesign.dk\/de\/wp-json\/wp\/v2\/media?parent=7210"}],"wp:term":[{"taxonomy":"product_brand","embeddable":true,"href":"https:\/\/solwangdesign.dk\/de\/wp-json\/wp\/v2\/product_brand?post=7210"},{"taxonomy":"product_cat","embeddable":true,"href":"https:\/\/solwangdesign.dk\/de\/wp-json\/wp\/v2\/product_cat?post=7210"},{"taxonomy":"product_tag","embeddable":true,"href":"https:\/\/solwangdesign.dk\/de\/wp-json\/wp\/v2\/product_tag?post=7210"}],"curies":[{"name":"wp","href":"https:\/\/api.w.org\/{rel}","templated":true}]}}