{"id":29376,"date":"2020-12-21T15:07:13","date_gmt":"2020-12-21T15:07:13","guid":{"rendered":"https:\/\/solwangdesign.dk\/?post_type=product&#038;p=29376"},"modified":"2026-05-06T11:51:30","modified_gmt":"2026-05-06T09:51:30","slug":"natur-helles-antikgruen-bio","status":"publish","type":"product","link":"https:\/\/solwangdesign.dk\/de\/vare\/natur-helles-antikgruen-bio\/","title":{"rendered":"Natur\/Helles Antikgr\u00fcn BIO"},"content":{"rendered":"<p>1 St\u00fcck Bio G\u00e4stehandtuch in Natur\/Hellem Antikgr\u00fcn<\/p>\n","protected":false},"excerpt":{"rendered":"<p>Gestricktes G\u00e4stehandtuch in einem sch\u00f6nen neuen Muster.<br \/>\nF\u00fcr G\u00e4ste-WC, Bad und Kinder.<\/p>\n<p>Gr\u00f6sse: 32 x 47 cm.<br \/>\n100% Bio Baumwolle.<\/p>\n<p>Waschbar bei 60 Grad.<br \/>\nEmpfehlung vom Gesundheitsamt.<\/p>\n","protected":false},"featured_media":29234,"template":"","meta":{"_acf_changed":false,"footnotes":""},"product_brand":[],"product_cat":[95,97],"product_tag":[],"class_list":{"0":"post-29376","1":"product","2":"type-product","3":"status-publish","4":"has-post-thumbnail","6":"product_cat-gaestehandtuch","7":"product_cat-handtuecher","8":"pa_color-gruen","10":"first","11":"instock","12":"taxable","13":"shipping-taxable","14":"purchasable","15":"product-type-simple"},"acf":[],"yoast_head":"<!-- This site is optimized with the Yoast SEO plugin v27.2 - https:\/\/yoast.com\/product\/yoast-seo-wordpress\/ -->\n<title>Natur\/Helles Antikgr\u00fcn BIO - Solwang Design<\/title>\n<meta name=\"robots\" content=\"index, follow, max-snippet:-1, max-image-preview:large, max-video-preview:-1\" \/>\n<link rel=\"canonical\" href=\"https:\/\/solwangdesign.dk\/de\/vare\/natur-helles-antikgruen-bio\/\" \/>\n<!-- \/ Yoast SEO plugin. -->","yoast_head_json":{"title":"Natur\/Helles Antikgr\u00fcn BIO - Solwang Design","robots":{"index":"index","follow":"follow","max-snippet":"max-snippet:-1","max-image-preview":"max-image-preview:large","max-video-preview":"max-video-preview:-1"},"canonical":"https:\/\/solwangdesign.dk\/de\/vare\/natur-helles-antikgruen-bio\/","schema":{"@context":"https:\/\/schema.org","@graph":[{"@type":"WebPage","@id":"https:\/\/solwangdesign.dk\/de\/vare\/natur-helles-antikgruen-bio\/","url":"https:\/\/solwangdesign.dk\/de\/vare\/natur-helles-antikgruen-bio\/","name":"Natur\/Helles Antikgr\u00fcn BIO - Solwang Design","isPartOf":{"@id":"https:\/\/solwangdesign.dk\/de\/#website"},"primaryImageOfPage":{"@id":"https:\/\/solwangdesign.dk\/de\/vare\/natur-helles-antikgruen-bio\/#primaryimage"},"image":{"@id":"https:\/\/solwangdesign.dk\/de\/vare\/natur-helles-antikgruen-bio\/#primaryimage"},"thumbnailUrl":"https:\/\/solwangdesign.dk\/wp-content\/uploads\/2020\/12\/BH02112.jpg","datePublished":"2020-12-21T15:07:13+00:00","dateModified":"2026-05-06T09:51:30+00:00","breadcrumb":{"@id":"https:\/\/solwangdesign.dk\/de\/vare\/natur-helles-antikgruen-bio\/#breadcrumb"},"inLanguage":"de","potentialAction":[{"@type":"ReadAction","target":["https:\/\/solwangdesign.dk\/de\/vare\/natur-helles-antikgruen-bio\/"]}]},{"@type":"ImageObject","inLanguage":"de","@id":"https:\/\/solwangdesign.dk\/de\/vare\/natur-helles-antikgruen-bio\/#primaryimage","url":"https:\/\/solwangdesign.dk\/wp-content\/uploads\/2020\/12\/BH02112.jpg","contentUrl":"https:\/\/solwangdesign.dk\/wp-content\/uploads\/2020\/12\/BH02112.jpg","width":540,"height":359},{"@type":"BreadcrumbList","@id":"https:\/\/solwangdesign.dk\/de\/vare\/natur-helles-antikgruen-bio\/#breadcrumb","itemListElement":[{"@type":"ListItem","position":1,"name":"Zur\u00fcck","item":"https:\/\/solwangdesign.dk\/de\/"},{"@type":"ListItem","position":2,"name":"Products","item":"https:\/\/solwangdesign.dk\/de\/products\/"},{"@type":"ListItem","position":3,"name":"Natur\/Helles Antikgr\u00fcn BIO"}]},{"@type":"WebSite","@id":"https:\/\/solwangdesign.dk\/de\/#website","url":"https:\/\/solwangdesign.dk\/de\/","name":"Solwang Design","description":"Solwang Design","publisher":{"@id":"https:\/\/solwangdesign.dk\/de\/#organization"},"potentialAction":[{"@type":"SearchAction","target":{"@type":"EntryPoint","urlTemplate":"https:\/\/solwangdesign.dk\/de\/?s={search_term_string}"},"query-input":{"@type":"PropertyValueSpecification","valueRequired":true,"valueName":"search_term_string"}}],"inLanguage":"de"},{"@type":"Organization","@id":"https:\/\/solwangdesign.dk\/de\/#organization","name":"Solwang Design","url":"https:\/\/solwangdesign.dk\/de\/","logo":{"@type":"ImageObject","inLanguage":"de","@id":"https:\/\/solwangdesign.dk\/de\/#\/schema\/logo\/image\/","url":"https:\/\/solwangdesign.dk\/wp-content\/uploads\/2017\/11\/logo.png","contentUrl":"https:\/\/solwangdesign.dk\/wp-content\/uploads\/2017\/11\/logo.png","width":226,"height":111,"caption":"Solwang Design"},"image":{"@id":"https:\/\/solwangdesign.dk\/de\/#\/schema\/logo\/image\/"},"sameAs":["https:\/\/www.facebook.com\/solwangdesign","https:\/\/www.instagram.com\/solwangdesign\/"]}]}},"_links":{"self":[{"href":"https:\/\/solwangdesign.dk\/de\/wp-json\/wp\/v2\/product\/29376","targetHints":{"allow":["GET"]}}],"collection":[{"href":"https:\/\/solwangdesign.dk\/de\/wp-json\/wp\/v2\/product"}],"about":[{"href":"https:\/\/solwangdesign.dk\/de\/wp-json\/wp\/v2\/types\/product"}],"version-history":[{"count":0,"href":"https:\/\/solwangdesign.dk\/de\/wp-json\/wp\/v2\/product\/29376\/revisions"}],"wp:featuredmedia":[{"embeddable":true,"href":"https:\/\/solwangdesign.dk\/de\/wp-json\/wp\/v2\/media\/29234"}],"wp:attachment":[{"href":"https:\/\/solwangdesign.dk\/de\/wp-json\/wp\/v2\/media?parent=29376"}],"wp:term":[{"taxonomy":"product_brand","embeddable":true,"href":"https:\/\/solwangdesign.dk\/de\/wp-json\/wp\/v2\/product_brand?post=29376"},{"taxonomy":"product_cat","embeddable":true,"href":"https:\/\/solwangdesign.dk\/de\/wp-json\/wp\/v2\/product_cat?post=29376"},{"taxonomy":"product_tag","embeddable":true,"href":"https:\/\/solwangdesign.dk\/de\/wp-json\/wp\/v2\/product_tag?post=29376"}],"curies":[{"name":"wp","href":"https:\/\/api.w.org\/{rel}","templated":true}]}}