{"id":29187,"date":"2020-12-21T13:27:58","date_gmt":"2020-12-21T11:27:58","guid":{"rendered":"https:\/\/solwangdesign.dk\/?post_type=product&#038;p=29187"},"modified":"2026-03-23T20:39:56","modified_gmt":"2026-03-23T19:39:56","slug":"antikblaue-farben-bio-2","status":"publish","type":"product","link":"https:\/\/solwangdesign.dk\/de\/vare\/antikblaue-farben-bio-2\/","title":{"rendered":"Antikblaue Farben BIO"},"content":{"rendered":"<p>1 Stck. RibRib BIO Spa Tuch in Antikblauen Farben.<\/p>\n<p>100% BIO Baumwolle.<\/p>\n","protected":false},"excerpt":{"rendered":"<p>Sch\u00f6nes Tuch in Rippen und zwei sch\u00f6nen Farbt\u00f6nen gestrickt.<\/p>\n<p>Gr\u00f6\u00dfe: 25 x 25 cm.<\/p>\n<p>Waschbar bei 60 Grad.<br \/>\nVom Gesundheitsamt empfohlen.<\/p>\n","protected":false},"featured_media":29177,"template":"","meta":{"_acf_changed":false,"footnotes":""},"product_brand":[],"product_cat":[174,153,99],"product_tag":[],"class_list":{"0":"post-29187","1":"product","2":"type-product","3":"status-publish","4":"has-post-thumbnail","6":"product_cat-outlet-de","7":"product_cat-ribrib-de","8":"product_cat-wischtuecher","9":"pa_color-blau","11":"first","12":"instock","13":"sale","14":"taxable","15":"shipping-taxable","16":"purchasable","17":"product-type-simple"},"acf":[],"yoast_head":"<!-- This site is optimized with the Yoast SEO plugin v27.2 - https:\/\/yoast.com\/product\/yoast-seo-wordpress\/ -->\n<title>Antikblaue Farben BIO - Solwang Design<\/title>\n<meta name=\"robots\" content=\"index, follow, max-snippet:-1, max-image-preview:large, max-video-preview:-1\" \/>\n<link rel=\"canonical\" href=\"https:\/\/solwangdesign.dk\/de\/vare\/antikblaue-farben-bio-2\/\" \/>\n<!-- \/ Yoast SEO plugin. -->","yoast_head_json":{"title":"Antikblaue Farben BIO - Solwang Design","robots":{"index":"index","follow":"follow","max-snippet":"max-snippet:-1","max-image-preview":"max-image-preview:large","max-video-preview":"max-video-preview:-1"},"canonical":"https:\/\/solwangdesign.dk\/de\/vare\/antikblaue-farben-bio-2\/","schema":{"@context":"https:\/\/schema.org","@graph":[{"@type":"WebPage","@id":"https:\/\/solwangdesign.dk\/de\/vare\/antikblaue-farben-bio-2\/","url":"https:\/\/solwangdesign.dk\/de\/vare\/antikblaue-farben-bio-2\/","name":"Antikblaue Farben BIO - Solwang Design","isPartOf":{"@id":"https:\/\/solwangdesign.dk\/de\/#website"},"primaryImageOfPage":{"@id":"https:\/\/solwangdesign.dk\/de\/vare\/antikblaue-farben-bio-2\/#primaryimage"},"image":{"@id":"https:\/\/solwangdesign.dk\/de\/vare\/antikblaue-farben-bio-2\/#primaryimage"},"thumbnailUrl":"https:\/\/solwangdesign.dk\/wp-content\/uploads\/2020\/12\/RIK100102-.jpg","datePublished":"2020-12-21T11:27:58+00:00","dateModified":"2026-03-23T19:39:56+00:00","breadcrumb":{"@id":"https:\/\/solwangdesign.dk\/de\/vare\/antikblaue-farben-bio-2\/#breadcrumb"},"inLanguage":"de","potentialAction":[{"@type":"ReadAction","target":["https:\/\/solwangdesign.dk\/de\/vare\/antikblaue-farben-bio-2\/"]}]},{"@type":"ImageObject","inLanguage":"de","@id":"https:\/\/solwangdesign.dk\/de\/vare\/antikblaue-farben-bio-2\/#primaryimage","url":"https:\/\/solwangdesign.dk\/wp-content\/uploads\/2020\/12\/RIK100102-.jpg","contentUrl":"https:\/\/solwangdesign.dk\/wp-content\/uploads\/2020\/12\/RIK100102-.jpg","width":540,"height":361},{"@type":"BreadcrumbList","@id":"https:\/\/solwangdesign.dk\/de\/vare\/antikblaue-farben-bio-2\/#breadcrumb","itemListElement":[{"@type":"ListItem","position":1,"name":"Zur\u00fcck","item":"https:\/\/solwangdesign.dk\/de\/"},{"@type":"ListItem","position":2,"name":"Products","item":"https:\/\/solwangdesign.dk\/de\/products\/"},{"@type":"ListItem","position":3,"name":"Antikblaue Farben BIO"}]},{"@type":"WebSite","@id":"https:\/\/solwangdesign.dk\/de\/#website","url":"https:\/\/solwangdesign.dk\/de\/","name":"Solwang Design","description":"Solwang Design","publisher":{"@id":"https:\/\/solwangdesign.dk\/de\/#organization"},"potentialAction":[{"@type":"SearchAction","target":{"@type":"EntryPoint","urlTemplate":"https:\/\/solwangdesign.dk\/de\/?s={search_term_string}"},"query-input":{"@type":"PropertyValueSpecification","valueRequired":true,"valueName":"search_term_string"}}],"inLanguage":"de"},{"@type":"Organization","@id":"https:\/\/solwangdesign.dk\/de\/#organization","name":"Solwang Design","url":"https:\/\/solwangdesign.dk\/de\/","logo":{"@type":"ImageObject","inLanguage":"de","@id":"https:\/\/solwangdesign.dk\/de\/#\/schema\/logo\/image\/","url":"https:\/\/solwangdesign.dk\/wp-content\/uploads\/2017\/11\/logo.png","contentUrl":"https:\/\/solwangdesign.dk\/wp-content\/uploads\/2017\/11\/logo.png","width":226,"height":111,"caption":"Solwang Design"},"image":{"@id":"https:\/\/solwangdesign.dk\/de\/#\/schema\/logo\/image\/"},"sameAs":["https:\/\/www.facebook.com\/solwangdesign","https:\/\/www.instagram.com\/solwangdesign\/"]}]}},"_links":{"self":[{"href":"https:\/\/solwangdesign.dk\/de\/wp-json\/wp\/v2\/product\/29187","targetHints":{"allow":["GET"]}}],"collection":[{"href":"https:\/\/solwangdesign.dk\/de\/wp-json\/wp\/v2\/product"}],"about":[{"href":"https:\/\/solwangdesign.dk\/de\/wp-json\/wp\/v2\/types\/product"}],"version-history":[{"count":0,"href":"https:\/\/solwangdesign.dk\/de\/wp-json\/wp\/v2\/product\/29187\/revisions"}],"wp:featuredmedia":[{"embeddable":true,"href":"https:\/\/solwangdesign.dk\/de\/wp-json\/wp\/v2\/media\/29177"}],"wp:attachment":[{"href":"https:\/\/solwangdesign.dk\/de\/wp-json\/wp\/v2\/media?parent=29187"}],"wp:term":[{"taxonomy":"product_brand","embeddable":true,"href":"https:\/\/solwangdesign.dk\/de\/wp-json\/wp\/v2\/product_brand?post=29187"},{"taxonomy":"product_cat","embeddable":true,"href":"https:\/\/solwangdesign.dk\/de\/wp-json\/wp\/v2\/product_cat?post=29187"},{"taxonomy":"product_tag","embeddable":true,"href":"https:\/\/solwangdesign.dk\/de\/wp-json\/wp\/v2\/product_tag?post=29187"}],"curies":[{"name":"wp","href":"https:\/\/api.w.org\/{rel}","templated":true}]}}